{"id":6526,"date":"2022-01-19T10:44:01","date_gmt":"2022-01-19T09:44:01","guid":{"rendered":"http:\/\/v2.crea-mania.com\/?page_id=6526"},"modified":"2022-01-20T14:49:24","modified_gmt":"2022-01-20T13:49:24","slug":"publicite-design","status":"publish","type":"page","link":"https:\/\/v2.crea-mania.com\/?page_id=6526","title":{"rendered":"Publicit\u00e9 &#038; Design"},"content":{"rendered":"<p>[vc_row css=\u00a0\u00bb.vc_custom_1642681316483{padding-right: 11% !important;padding-left: 11% !important;}\u00a0\u00bb][vc_column width=\u00a0\u00bb1\/4&Prime;][vc_single_image image=\u00a0\u00bb6571&Prime; img_size=\u00a0\u00bb300&#215;450&Prime; alignment=\u00a0\u00bbright\u00a0\u00bb][\/vc_column][vc_column width=\u00a0\u00bb3\/4&Prime;]<div class=\"mkdf-elements-holder mkdf-two-columns mkdf-responsive-mode-768\" ><div class=\"mkdf-elements-holder-item \"  style=\"background-image: url(https:\/\/v2.crea-mania.com\/wp-content\/uploads\/2022\/01\/Perso_publicite-design_778x1000px.png)\">\n\t\t\t<div class=\"mkdf-elements-holder-item-inner\">\n\t\t<div class=\"mkdf-elements-holder-item-content mkdf-elements-holder-custom-982253\" >\n\t\t\t\t\t\t[vc_column_text]<\/p>\n<h1 style=\"text-align: right; color: #f0047f;\">Chez nous,<\/h1>\n<h1 style=\"text-align: right; color: #f0047f;\">vos id\u00e9es prennent forme<\/h1>\n<p>[\/vc_column_text]\t\t<\/div>\n\t<\/div>\n<\/div><\/div>[\/vc_column][\/vc_row][vc_row css=\u00a0\u00bb.vc_custom_1642686486130{padding-top: 53px !important;padding-right: 20% !important;padding-left: 20% !important;}\u00a0\u00bb][vc_column]<div class=\"mkdf-elements-holder mkdf-responsive-mode-768\" ><div class=\"mkdf-elements-holder-item \"  >\n\t\t\t<div class=\"mkdf-elements-holder-item-inner\">\n\t\t<div class=\"mkdf-elements-holder-item-content mkdf-elements-holder-custom-179096\" >\n\t\t\t\t\t\t[vc_column_text]<\/p>\n<h5 style=\"text-align: center;\">Chez nous, vos id\u00e9es prennent forme, les croquis deviennent de l&rsquo;art et votre marque prend vie.<\/h5>\n<p style=\"text-align: center;\">Nous focalisons notre motivation sur la d\u00e9couverte constante des solutions de communication les plus appropri\u00e9es pour assurer la meilleure mise en \u0153uvre des strat\u00e9gies marketing. Gr\u00e2ce \u00e0 un savoir-faire unique, nous vous aidons \u00e0 construire l&rsquo;identit\u00e9 et la notori\u00e9t\u00e9 de votre marque.<\/p>\n<p>[\/vc_column_text]\t\t<\/div>\n\t<\/div>\n<\/div><\/div>[\/vc_column][\/vc_row][vc_row css=\u00a0\u00bb.vc_custom_1501161635437{padding-top: 53px !important;padding-right: 11% !important;padding-left: 11% !important;}\u00a0\u00bb][vc_column]<div class = \"mkdf-portfolio-list-holder-outer mkdf-ptf-masonry mkdf-ptf-with-space mkdf-ptf-hover-zoom-out-simple mkdf-ptfm-three-columns mkdf-ptf-load-more mkdf-ptf-show-more\" data-next-page= \"2\" data-type= \"masonry\" data-columns= \"3\" data-grid-size= \"three\" data-order-by= \"menu_order\" data-order= \"ASC\" data-number= \"6\" data-image-size= \"full\" data-hover-type= \"zoom-out-simple\" data-filter= \"no\" data-filter-order-by= \"name\" data-category= \"illustration\" data-show-more= \"load_more\" data-title-tag= \"h3\" data-max-num-pages = 0><div class = \"mkdf-portfolio-list-holder clearfix\" ><div class=\"mkdf-portfolio-list-masonry-grid-sizer\"><\/div><div class=\"mkdf-portfolio-list-masonry-grid-gutter\"><\/div><p>Sorry, no posts matched your criteria.<\/p><\/div><\/div>[\/vc_column][\/vc_row]<\/p>\n","protected":false},"excerpt":{"rendered":"<p>[vc_row css=\u00a0\u00bb.vc_custom_1642681316483{padding-right: 11% !important;padding-left: 11% !important;}\u00a0\u00bb][vc_column width=\u00a0\u00bb1\/4&Prime;][vc_single_image image=\u00a0\u00bb6571&Prime; img_size=\u00a0\u00bb300&#215;450&Prime; alignment=\u00a0\u00bbright\u00a0\u00bb][\/vc_column][vc_column width=\u00a0\u00bb3\/4&Prime;][\/vc_column][\/vc_row][vc_row css=\u00a0\u00bb.vc_custom_1642686486130{padding-top: 53px !important;padding-right: 20% !important;padding-left: 20% !important;}\u00a0\u00bb][vc_column][\/vc_column][\/vc_row][vc_row css=\u00a0\u00bb.vc_custom_1501161635437{padding-top: 53px&#8230;<\/p>\n","protected":false},"author":2,"featured_media":0,"parent":0,"menu_order":0,"comment_status":"closed","ping_status":"closed","template":"full-width.php","meta":[],"_links":{"self":[{"href":"https:\/\/v2.crea-mania.com\/index.php?rest_route=\/wp\/v2\/pages\/6526"}],"collection":[{"href":"https:\/\/v2.crea-mania.com\/index.php?rest_route=\/wp\/v2\/pages"}],"about":[{"href":"https:\/\/v2.crea-mania.com\/index.php?rest_route=\/wp\/v2\/types\/page"}],"author":[{"embeddable":true,"href":"https:\/\/v2.crea-mania.com\/index.php?rest_route=\/wp\/v2\/users\/2"}],"replies":[{"embeddable":true,"href":"https:\/\/v2.crea-mania.com\/index.php?rest_route=%2Fwp%2Fv2%2Fcomments&post=6526"}],"version-history":[{"count":47,"href":"https:\/\/v2.crea-mania.com\/index.php?rest_route=\/wp\/v2\/pages\/6526\/revisions"}],"predecessor-version":[{"id":6615,"href":"https:\/\/v2.crea-mania.com\/index.php?rest_route=\/wp\/v2\/pages\/6526\/revisions\/6615"}],"wp:attachment":[{"href":"https:\/\/v2.crea-mania.com\/index.php?rest_route=%2Fwp%2Fv2%2Fmedia&parent=6526"}],"curies":[{"name":"wp","href":"https:\/\/api.w.org\/{rel}","templated":true}]}}