{"id":6364,"date":"2022-01-05T14:35:51","date_gmt":"2022-01-05T13:35:51","guid":{"rendered":"http:\/\/v2.crea-mania.com\/?page_id=6364"},"modified":"2022-01-19T12:23:29","modified_gmt":"2022-01-19T11:23:29","slug":"expertises","status":"publish","type":"page","link":"https:\/\/v2.crea-mania.com\/?page_id=6364","title":{"rendered":"Expertises"},"content":{"rendered":"<p>[vc_row][vc_column]<div class=\"mkdf-elements-holder mkdf-two-columns mkdf-responsive-mode-1024\" ><div class=\"mkdf-elements-holder-item mkdf-vertical-alignment-top mkdf-horizontal-alignment-center\"  style=\"background-image: url(https:\/\/v2.crea-mania.com\/wp-content\/uploads\/2022\/01\/1-creamania-expertises-2540x1166.jpg)\">\n\t\t\t<div class=\"mkdf-elements-holder-item-inner\">\n\t\t<div class=\"mkdf-elements-holder-item-content mkdf-elements-holder-custom-564687\" style=\"padding: 213px 16% 218px 16%\">\n\t\t\t\t\t\t[vc_column_text]<\/p>\n<h2 style=\"text-align: right;\"><strong>Boostez votre communication<\/strong><\/h2>\n<p>[\/vc_column_text][vc_empty_space height=\u00a0\u00bb500px\u00a0\u00bb]\t\t<\/div>\n\t<\/div>\n<\/div><\/div>[\/vc_column][\/vc_row][vc_row content_width=\u00a0\u00bbgrid\u00a0\u00bb content_aligment=\u00a0\u00bbcenter\u00a0\u00bb css=\u00a0\u00bb.vc_custom_1642590410154{padding-top: 130px !important;padding-bottom: 0px !important;}\u00a0\u00bb][vc_column][vc_column_text]<\/p>\n<h2 style=\"text-align: center; color: #f0047f;\"><strong>Nos expertises&#8230; vos atouts<\/strong><\/h2>\n<p>[\/vc_column_text]<div class=\"mkdf-elements-holder mkdf-responsive-mode-768\" ><div class=\"mkdf-elements-holder-item \"  >\n\t\t\t<div class=\"mkdf-elements-holder-item-inner\">\n\t\t<div class=\"mkdf-elements-holder-item-content mkdf-elements-holder-custom-830511\" style=\"padding: 19px 27% 81px 27%\">\n\t\t\t\t\t\t<style type=\"text\/css\" data-type=\"mkdf-elements-custom-padding\" scoped>\n\t\t\t\t\t\t\t\t\t\t\t\t\t@media only screen and (min-width: 1024px) and (max-width: 1280px) {\n\t\t\t\t\t\t.mkdf-elements-holder-item-content.mkdf-elements-holder-custom-830511 {\n\t\t\t\t\t\t\tpadding: 19px 23% 81px 23% !important;\n\t\t\t\t\t\t}\n\t\t\t\t\t}\n\t\t\t\t\t\t\t\t\t\t\t\t\t@media only screen and (min-width: 768px) and (max-width: 1024px) {\n\t\t\t\t\t\t.mkdf-elements-holder-item-content.mkdf-elements-holder-custom-830511 {\n\t\t\t\t\t\t\tpadding: 19px 14% 81px 14% !important;\n\t\t\t\t\t\t}\n\t\t\t\t\t}\n\t\t\t\t\t\t\t\t\t\t\t\t\t@media only screen and (min-width: 600px) and (max-width: 768px) {\n\t\t\t\t\t\t.mkdf-elements-holder-item-content.mkdf-elements-holder-custom-830511 {\n\t\t\t\t\t\t\tpadding: 19px 5% 81px 5% !important;\n\t\t\t\t\t\t}\n\t\t\t\t\t}\n\t\t\t\t\t\t\t\t\t\t\t\t\t@media only screen and (min-width: 480px) and (max-width: 600px) {\n\t\t\t\t\t\t.mkdf-elements-holder-item-content.mkdf-elements-holder-custom-830511 {\n\t\t\t\t\t\t\tpadding: 19px 0% 81px 0% !important;\n\t\t\t\t\t\t}\n\t\t\t\t\t}\n\t\t\t\t\t\t\t\t\t\t\t\t\t@media only screen and (max-width: 480px) {\n\t\t\t\t\t\t.mkdf-elements-holder-item-content.mkdf-elements-holder-custom-830511 {\n\t\t\t\t\t\t\tpadding: 19px 0% 81px 0% !important;\n\t\t\t\t\t\t}\n\t\t\t\t\t}\n\t\t\t\t\t\t\t\t<\/style>\n\t\t\t\t\t\t[vc_column_text]<\/p>\n<h6 style=\"text-align: center;\">Une \u00e9quipe de professionnels issus d\u2019univers diff\u00e9rents et compl\u00e9mentaires \u00e0 vos cot\u00e9s<\/h6>\n<p>[\/vc_column_text]\t\t<\/div>\n\t<\/div>\n<\/div><\/div>[\/vc_column][\/vc_row][vc_row content_width=\u00a0\u00bbgrid\u00a0\u00bb content_aligment=\u00a0\u00bbcenter\u00a0\u00bb css=\u00a0\u00bb.vc_custom_1642590440104{padding-top: 130px !important;padding-bottom: 0px !important;}\u00a0\u00bb][vc_column width=\u00a0\u00bb1\/3&Prime;]<div class=\"mkdf-iwt clearfix mkdf-iwt-icon-top mkdf-iwt-icon-small\">\n    <div class=\"mkdf-iwt-icon-holder\" >\n                                    <a href=\"https:\/\/v2.crea-mania.com\/?page_id=6526\" target=\"_self\">\n                        <img width=\"100\" height=\"100\" src=\"https:\/\/v2.crea-mania.com\/wp-content\/uploads\/2022\/01\/icon-creamania-lightbulb-1_100x100.png\" class=\"attachment-full size-full\" alt=\"\" loading=\"lazy\" \/>                            <\/a>\n                        <\/div>\n    <div class=\"mkdf-iwt-content-holder\" >\n        <div class=\"mkdf-iwt-title-holder\">\n            <h5 >Publicit\u00e9 &amp; Design<\/h5>\n        <\/div>\n        <div class=\"mkdf-iwt-text-holder\">\n            <p >Branding, Design graphique, Design \u00e9ditorial, Illustration<\/p>\n\n                    <\/div>\n    <\/div>\n<\/div>[vc_column_text]<\/p>\n<h6>Chez nous, vos id\u00e9es prennent forme.<\/h6>\n<h6>Gr\u00e2ce \u00e0 un savoir-faire unique, nous vous aidons \u00e0 construire l&rsquo;identit\u00e9 et la notori\u00e9t\u00e9 de votre marque.<\/h6>\n<p>[\/vc_column_text][\/vc_column][vc_column width=\u00a0\u00bb1\/3&Prime;]<div class=\"mkdf-iwt clearfix mkdf-iwt-icon-top mkdf-iwt-icon-small\">\n    <div class=\"mkdf-iwt-icon-holder\" >\n                                <img width=\"100\" height=\"100\" src=\"https:\/\/v2.crea-mania.com\/wp-content\/uploads\/2022\/01\/icon-creamania-tablet_100x100.png\" class=\"attachment-full size-full\" alt=\"\" loading=\"lazy\" \/>                        <\/div>\n    <div class=\"mkdf-iwt-content-holder\" >\n        <div class=\"mkdf-iwt-title-holder\">\n            <h5 >Digital &amp; Interactif<\/h5>\n        <\/div>\n        <div class=\"mkdf-iwt-text-holder\">\n            <p >Webdesign, UI, UX, Applications mobiles<\/p>\n\n                    <\/div>\n    <\/div>\n<\/div>[vc_column_text]<\/p>\n<h6>Nous vous apportons des solutions en d\u00e9veloppant des outils interactifs et plateformes digitales<\/h6>\n<p>[\/vc_column_text][\/vc_column][vc_column width=\u00a0\u00bb1\/3&Prime;]<div class=\"mkdf-iwt clearfix mkdf-iwt-icon-top mkdf-iwt-icon-small\">\n    <div class=\"mkdf-iwt-icon-holder\" >\n                                <img width=\"100\" height=\"100\" src=\"https:\/\/v2.crea-mania.com\/wp-content\/uploads\/2022\/01\/icon-creamania-camera_100x100.png\" class=\"attachment-full size-full\" alt=\"\" loading=\"lazy\" \/>                        <\/div>\n    <div class=\"mkdf-iwt-content-holder\" >\n        <div class=\"mkdf-iwt-title-holder\">\n            <h5 >Photo &amp; Vid\u00e9o<\/h5>\n        <\/div>\n        <div class=\"mkdf-iwt-text-holder\">\n            <p >Photo publicitaire, Retouche photo, Vid\u00e9o institutionelle<\/p>\n\n                    <\/div>\n    <\/div>\n<\/div>[vc_column_text]<\/p>\n<h6>Renforcez votre communication gr\u00e2ce \u00e0 des images \u00e9loquentes et esth\u00e9tiques qui donneront de la puissance \u00e0 tous vos supports de communication<\/h6>\n<p>[\/vc_column_text][\/vc_column][\/vc_row][vc_row content_width=\u00a0\u00bbgrid\u00a0\u00bb content_aligment=\u00a0\u00bbcenter\u00a0\u00bb css=\u00a0\u00bb.vc_custom_1499938409712{padding-top: 130px !important;padding-bottom: 155px !important;}\u00a0\u00bb][vc_column width=\u00a0\u00bb1\/3&Prime;]<div class=\"mkdf-iwt clearfix mkdf-iwt-icon-top mkdf-iwt-icon-small\">\n    <div class=\"mkdf-iwt-icon-holder\" >\n                                <img width=\"100\" height=\"100\" src=\"https:\/\/v2.crea-mania.com\/wp-content\/uploads\/2022\/01\/icon-creamania-carnet-stylo_100x100.png\" class=\"attachment-full size-full\" alt=\"\" loading=\"lazy\" \/>                        <\/div>\n    <div class=\"mkdf-iwt-content-holder\" >\n        <div class=\"mkdf-iwt-title-holder\">\n            <h5 >Content marketing<\/h5>\n        <\/div>\n        <div class=\"mkdf-iwt-text-holder\">\n            <p >Redaction publicitaire, Contrent strategy<\/p>\n\n                    <\/div>\n    <\/div>\n<\/div>[vc_column_text]<\/p>\n<h6 id=\"tw-target-text\" class=\"tw-data-text tw-text-large tw-ta\" dir=\"ltr\" data-placeholder=\"Traduction\"><span class=\"Y2IQFc\" lang=\"fr\">Nous respectons les valeurs de votre marque, en cr\u00e9ant du contenu et des messages qui correspondent aux objectifs de votre communication.<\/span><\/h6>\n<p>[\/vc_column_text][\/vc_column][vc_column width=\u00a0\u00bb1\/3&Prime;]<div class=\"mkdf-iwt clearfix mkdf-iwt-icon-top mkdf-iwt-icon-small\">\n    <div class=\"mkdf-iwt-icon-holder\" >\n                                <img width=\"100\" height=\"100\" src=\"https:\/\/v2.crea-mania.com\/wp-content\/uploads\/2022\/01\/icon-creamania-printer_100x100.png\" class=\"attachment-full size-full\" alt=\"\" loading=\"lazy\" \/>                        <\/div>\n    <div class=\"mkdf-iwt-content-holder\" >\n        <div class=\"mkdf-iwt-title-holder\">\n            <h5 >Production<\/h5>\n        <\/div>\n        <div class=\"mkdf-iwt-text-holder\">\n            <p >Impressions, Enseignes, Objets publicitaires, r\u00e9gie publicitaire<\/p>\n\n                    <\/div>\n    <\/div>\n<\/div>[vc_column_text]<\/p>\n<h6>Compte tenu de l&rsquo;importance des diff\u00e9rents publics, Nous d\u00e9clinons votre communication sur une large gamme de supports.<\/h6>\n<p>[\/vc_column_text][\/vc_column][vc_column width=\u00a0\u00bb1\/3&Prime;]<div class=\"mkdf-iwt clearfix mkdf-iwt-icon-top mkdf-iwt-icon-small\">\n    <div class=\"mkdf-iwt-icon-holder\" >\n                                <img width=\"100\" height=\"100\" src=\"https:\/\/v2.crea-mania.com\/wp-content\/uploads\/2022\/01\/icon-creamania-camera_100x100.png\" class=\"attachment-full size-full\" alt=\"\" loading=\"lazy\" \/>                        <\/div>\n    <div class=\"mkdf-iwt-content-holder\" >\n        <div class=\"mkdf-iwt-title-holder\">\n            <h5 >Photo &amp; Vid\u00e9o<\/h5>\n        <\/div>\n        <div class=\"mkdf-iwt-text-holder\">\n            <p >Photo publicitaire, Retouche photo, Vid\u00e9o institutionelle<\/p>\n\n                    <\/div>\n    <\/div>\n<\/div>[vc_column_text]<\/p>\n<h6>Renforcez votre communication gr\u00e2ce \u00e0 des images \u00e9loquentes et esth\u00e9tiques qui donneront de la puissance \u00e0 tous vos supports de communication<\/h6>\n<p>[\/vc_column_text][\/vc_column][\/vc_row][vc_row content_width=\u00a0\u00bbgrid\u00a0\u00bb content_aligment=\u00a0\u00bbcenter\u00a0\u00bb css=\u00a0\u00bb.vc_custom_1499938409712{padding-top: 130px !important;padding-bottom: 155px !important;}\u00a0\u00bb][vc_column][vc_column_text]<\/p>\n<h2 style=\"text-align: center; color: #f0047f;\"><strong>Jetez un coup d&rsquo;oeil \u00e0 notre portfolio<\/strong><\/h2>\n<p>[\/vc_column_text]<div class=\"mkdf-elements-holder mkdf-responsive-mode-768\" ><div class=\"mkdf-elements-holder-item \"  >\n\t\t\t<div class=\"mkdf-elements-holder-item-inner\">\n\t\t<div class=\"mkdf-elements-holder-item-content mkdf-elements-holder-custom-392426\" style=\"padding: 19px 27% 81px 27%\">\n\t\t\t\t\t\t<style type=\"text\/css\" data-type=\"mkdf-elements-custom-padding\" scoped>\n\t\t\t\t\t\t\t\t\t\t\t\t\t@media only screen and (min-width: 1024px) and (max-width: 1280px) {\n\t\t\t\t\t\t.mkdf-elements-holder-item-content.mkdf-elements-holder-custom-392426 {\n\t\t\t\t\t\t\tpadding: 19px 23% 81px 23% !important;\n\t\t\t\t\t\t}\n\t\t\t\t\t}\n\t\t\t\t\t\t\t\t\t\t\t\t\t@media only screen and (min-width: 768px) and (max-width: 1024px) {\n\t\t\t\t\t\t.mkdf-elements-holder-item-content.mkdf-elements-holder-custom-392426 {\n\t\t\t\t\t\t\tpadding: 19px 14% 81px 14% !important;\n\t\t\t\t\t\t}\n\t\t\t\t\t}\n\t\t\t\t\t\t\t\t\t\t\t\t\t@media only screen and (min-width: 600px) and (max-width: 768px) {\n\t\t\t\t\t\t.mkdf-elements-holder-item-content.mkdf-elements-holder-custom-392426 {\n\t\t\t\t\t\t\tpadding: 19px 5% 81px 5% !important;\n\t\t\t\t\t\t}\n\t\t\t\t\t}\n\t\t\t\t\t\t\t\t\t\t\t\t\t@media only screen and (min-width: 480px) and (max-width: 600px) {\n\t\t\t\t\t\t.mkdf-elements-holder-item-content.mkdf-elements-holder-custom-392426 {\n\t\t\t\t\t\t\tpadding: 19px 0% 81px 0% !important;\n\t\t\t\t\t\t}\n\t\t\t\t\t}\n\t\t\t\t\t\t\t\t\t\t\t\t\t@media only screen and (max-width: 480px) {\n\t\t\t\t\t\t.mkdf-elements-holder-item-content.mkdf-elements-holder-custom-392426 {\n\t\t\t\t\t\t\tpadding: 19px 0% 81px 0% !important;\n\t\t\t\t\t\t}\n\t\t\t\t\t}\n\t\t\t\t\t\t\t\t<\/style>\n\t\t\t\t\t\t[vc_column_text]<\/p>\n<h5 style=\"text-align: center; color: #41294a;\">D\u00e9couvrez nos r\u00e9alisations et les projets qui nous passionnent<\/h5>\n<p>[\/vc_column_text]\t\t<\/div>\n\t<\/div>\n<\/div><\/div><div class = \"mkdf-portfolio-list-holder-outer mkdf-ptf-masonry mkdf-ptf-with-space mkdf-ptf-hover-trim mkdf-ptfm-four-columns mkdf-ptf-load-more mkdf-ptf-show-more\" data-next-page= \"2\" data-type= \"masonry\" data-columns= \"3\" data-grid-size= \"three\" data-order-by= \"menu_order\" data-order= \"ASC\" data-number= \"-1\" data-image-size= \"full\" data-hover-type= \"trim\" data-filter= \"no\" data-filter-order-by= \"name\" data-category= \"design\" data-show-more= \"load_more\" data-title-tag= \"h3\" data-max-num-pages = 0><div class = \"mkdf-portfolio-list-holder clearfix\" ><div class=\"mkdf-portfolio-list-masonry-grid-sizer\"><\/div><div class=\"mkdf-portfolio-list-masonry-grid-gutter\"><\/div><p>Sorry, no posts matched your criteria.<\/p><\/div><\/div>[vc_empty_space height=\u00a0\u00bb44px\u00a0\u00bb]<a href=\"http:\/\/cortex.mikado-themes.com\/portfolio\/pinterest-three-columns-wide\/\" target=\"_self\"  class=\"mkdf-btn mkdf-btn-large mkdf-btn-solid mkdf-btn-bckg-hover\"  >\n\t\t\t\t\t\t<span class=\"mkdf-btn-top-shadow\"><\/span>\n\t\t\t\t<span class=\"mkdf-btn-text\">View More<\/span>\n\t\t\t\t\t<span class=\"mkdf-btn-bottom-shadow\"><\/span>\n\t\t\t    <\/a>[\/vc_column][\/vc_row][vc_row][vc_column]<div class=\"mkdf-elements-holder mkdf-two-columns mkdf-responsive-mode-1024\" ><div class=\"mkdf-elements-holder-item \"  style=\"background-image: url(https:\/\/v2.crea-mania.com\/wp-content\/uploads\/2017\/06\/h11-el-holder-img-1.jpg)\">\n\t\t\t<div class=\"mkdf-elements-holder-item-inner\">\n\t\t<div class=\"mkdf-elements-holder-item-content mkdf-elements-holder-custom-804855\" style=\"padding: 183px 0% 200px 0%\">\n\t\t\t\t\t\t<style type=\"text\/css\" data-type=\"mkdf-elements-custom-padding\" scoped>\n\t\t\t\t\t\t\t\t\t\t\t\t\t\t\t\t\t@media only screen and (min-width: 768px) and (max-width: 1024px) {\n\t\t\t\t\t\t.mkdf-elements-holder-item-content.mkdf-elements-holder-custom-804855 {\n\t\t\t\t\t\t\tpadding: 280px 0% 280px 0% !important;\n\t\t\t\t\t\t}\n\t\t\t\t\t}\n\t\t\t\t\t\t\t\t\t\t\t\t\t\t\t\t\t\t\t\t<\/style>\n\t\t\t\t\t\t\t\t<\/div>\n\t<\/div>\n<\/div><div class=\"mkdf-elements-holder-item mkdf-eh-with-border\"  style=\"border-color:#99cf16\">\n\t\t\t<div class=\"mkdf-elements-holder-item-inner\">\n\t\t<div class=\"mkdf-elements-holder-item-content mkdf-elements-holder-custom-921072\" style=\"padding: 183px 26% 200px 26%\">\n\t\t\t\t\t\t<style type=\"text\/css\" data-type=\"mkdf-elements-custom-padding\" scoped>\n\t\t\t\t\t\t\t\t\t\t\t\t\t@media only screen and (min-width: 1024px) and (max-width: 1280px) {\n\t\t\t\t\t\t.mkdf-elements-holder-item-content.mkdf-elements-holder-custom-921072 {\n\t\t\t\t\t\t\tpadding: 137px 14% 156px 14% !important;\n\t\t\t\t\t\t}\n\t\t\t\t\t}\n\t\t\t\t\t\t\t\t\t\t\t\t\t\t\t\t\t@media only screen and (min-width: 600px) and (max-width: 768px) {\n\t\t\t\t\t\t.mkdf-elements-holder-item-content.mkdf-elements-holder-custom-921072 {\n\t\t\t\t\t\t\tpadding: 142px 20% 156px 20% !important;\n\t\t\t\t\t\t}\n\t\t\t\t\t}\n\t\t\t\t\t\t\t\t\t\t\t\t\t@media only screen and (min-width: 480px) and (max-width: 600px) {\n\t\t\t\t\t\t.mkdf-elements-holder-item-content.mkdf-elements-holder-custom-921072 {\n\t\t\t\t\t\t\tpadding: 103px 15% 116px 15% !important;\n\t\t\t\t\t\t}\n\t\t\t\t\t}\n\t\t\t\t\t\t\t\t\t\t\t\t\t@media only screen and (max-width: 480px) {\n\t\t\t\t\t\t.mkdf-elements-holder-item-content.mkdf-elements-holder-custom-921072 {\n\t\t\t\t\t\t\tpadding: 103px 15% 116px 15% !important;\n\t\t\t\t\t\t}\n\t\t\t\t\t}\n\t\t\t\t\t\t\t\t<\/style>\n\t\t\t\t\t\t[vc_column_text]<\/p>\n<h3>3 Agences plus proches de vous !<\/h3>\n<p>[\/vc_column_text][vc_empty_space height=\u00a0\u00bb22px\u00a0\u00bb][vc_column_text]<\/p>\n<p>Lorem ipsum dolor sit amet, consectetur adipiscing elit. Duis sed velit euismod, iaculis velit et, viverra nisl. Mauris quis varius nulla<\/p>\n<p>[\/vc_column_text][vc_empty_space height=\u00a0\u00bb38px\u00a0\u00bb]<a href=\"http:\/\/cortex.mikado-themes.com\/case-study\/\" target=\"_self\"  class=\"mkdf-btn mkdf-btn-large mkdf-btn-solid mkdf-btn-bckg-hover\"  >\n\t\t\t\t\t\t<span class=\"mkdf-btn-top-shadow\"><\/span>\n\t\t\t\t<span class=\"mkdf-btn-text\">Read More<\/span>\n\t\t\t\t\t<span class=\"mkdf-btn-bottom-shadow\"><\/span>\n\t\t\t    <\/a>\t\t<\/div>\n\t<\/div>\n<\/div><\/div>[\/vc_column][\/vc_row][vc_row css=\u00a0\u00bb.vc_custom_1499940079441{padding-top: 44px !important;padding-bottom: 78px !important;}\u00a0\u00bb][vc_column]<div class=\"mkdf-testimonials-holder clearfix\"><div class=\"mkdf-slick-slider-navigation-style mkdf-testimonials mkdf-testimonials-type-cortex\"  data-dots-navigation=\"false\"><div class=\"mkdf-testimonial-content mkdf-testimonials479\">\n\t<div class=\"mkdf-testimonial-content-inner\">\n\t\t<div class=\"mkdf-testimonials-quotes\">,,<\/div>\n\t\t<div class=\"mkdf-testimonial-text-outer\">\n\t\t\t<p class=\"mkdf-testimonial-text\">I strive for two things in design: simplicity and clarity. Great design is born of those things.<\/p>\n\t\t<\/div>\n\t\t<div class=\"mkdf-testimonial-carousel-bottom\">\n\t\t\t\t\t\t\t\t\t\t<div class=\"mkdf-testimonial-author\">\n\t\t\t\t\t<span class=\"mkdf-testimonial-author-text\">\n\t\t\t\t\t\tLen Woolf\t\t\t\t\t<\/span>\n\t\t\t\t\t\t\t\t\t\t\t\/ <span class=\"mkdf-testimonials-job\">Graphic Designer<\/span>\n\t\t\t\t\t\t\t\t\t<\/div>\n\t\t\t\t\t<\/div>\n\t<\/div>\n<\/div>\n<div class=\"mkdf-testimonial-content mkdf-testimonials478\">\n\t<div class=\"mkdf-testimonial-content-inner\">\n\t\t<div class=\"mkdf-testimonials-quotes\">,,<\/div>\n\t\t<div class=\"mkdf-testimonial-text-outer\">\n\t\t\t<p class=\"mkdf-testimonial-text\">I strive for two things in design: simplicity and clarity. Great design is born of those things.<\/p>\n\t\t<\/div>\n\t\t<div class=\"mkdf-testimonial-carousel-bottom\">\n\t\t\t\t\t\t\t\t\t\t<div class=\"mkdf-testimonial-author\">\n\t\t\t\t\t<span class=\"mkdf-testimonial-author-text\">\n\t\t\t\t\t\tSophie Macklaren\t\t\t\t\t<\/span>\n\t\t\t\t\t\t\t\t\t\t\t\/ <span class=\"mkdf-testimonials-job\">Menager<\/span>\n\t\t\t\t\t\t\t\t\t<\/div>\n\t\t\t\t\t<\/div>\n\t<\/div>\n<\/div>\n<div class=\"mkdf-testimonial-content mkdf-testimonials477\">\n\t<div class=\"mkdf-testimonial-content-inner\">\n\t\t<div class=\"mkdf-testimonials-quotes\">,,<\/div>\n\t\t<div class=\"mkdf-testimonial-text-outer\">\n\t\t\t<p class=\"mkdf-testimonial-text\">I strive for two things in design: simplicity and clarity. Great design is born of those things.<\/p>\n\t\t<\/div>\n\t\t<div class=\"mkdf-testimonial-carousel-bottom\">\n\t\t\t\t\t\t\t\t\t\t<div class=\"mkdf-testimonial-author\">\n\t\t\t\t\t<span class=\"mkdf-testimonial-author-text\">\n\t\t\t\t\t\tJack johnson\t\t\t\t\t<\/span>\n\t\t\t\t\t\t\t\t\t\t\t\/ <span class=\"mkdf-testimonials-job\"> Graphic Designer<\/span>\n\t\t\t\t\t\t\t\t\t<\/div>\n\t\t\t\t\t<\/div>\n\t<\/div>\n<\/div>\n<\/div><\/div>[\/vc_column][\/vc_row][vc_row css=\u00a0\u00bb.vc_custom_1642590984328{padding-top: 106px !important;padding-bottom: 107px !important;background-color: #f0047f !important;}\u00a0\u00bb][vc_column][vc_column_text]<\/p>\n<h2 style=\"text-align: center; color: #ffffff;\"><span style=\"color: #ffffff;\">Ils nous ont fait confiance !<\/span><\/h2>\n<p>[\/vc_column_text][\/vc_column][\/vc_row][vc_row css=\u00a0\u00bb.vc_custom_1499940202041{padding-top: 150px !important;padding-bottom: 143px !important;}\u00a0\u00bb][vc_column]<div class=\"mkdf-carousel-holder clearfix\"><div class=\"mkdf-carousel mkdf-slick-slider-navigation-style\" data-items=\"8\" data-arrows-navigation=\"no\" data-dots-navigation=\"no\"><div class=\"mkdf-carousel-item-holder\">\n\t\t<a href=\"#\" target=\"_self\">\n\t\t\t\t\t\t<span class=\"mkdf-carousel-first-image-holder mkdf-has-hover-image mkdf-image-change\">\n\t\t\t\t<img src=\"http:\/\/v2.crea-mania.com\/wp-content\/uploads\/2022\/02\/logo-client-1-gris.png\" alt=\"Client 1\">\n\t\t\t<\/span>\n\t\t\t\t\t\t\t<span class=\"mkdf-carousel-second-image-holder mkdf-has-hover-image mkdf-image-change\">\n\t\t\t\t<img src=\"http:\/\/v2.crea-mania.com\/wp-content\/uploads\/2022\/02\/logo-client-1-magenta.png\" alt=\"Client 1\">\n\t\t\t<\/span>\n\t\t\t\t<\/a>\n\t<\/div><div class=\"mkdf-carousel-item-holder\">\n\t\t<a href=\"#\" target=\"_self\">\n\t\t\t\t\t\t<span class=\"mkdf-carousel-first-image-holder mkdf-has-hover-image mkdf-image-change\">\n\t\t\t\t<img src=\"http:\/\/v2.crea-mania.com\/wp-content\/uploads\/2022\/02\/logo-client-2-gris.png\" alt=\"Client 2\">\n\t\t\t<\/span>\n\t\t\t\t\t\t\t<span class=\"mkdf-carousel-second-image-holder mkdf-has-hover-image mkdf-image-change\">\n\t\t\t\t<img src=\"http:\/\/v2.crea-mania.com\/wp-content\/uploads\/2022\/02\/logo-client-2-magenta.png\" alt=\"Client 2\">\n\t\t\t<\/span>\n\t\t\t\t<\/a>\n\t<\/div><div class=\"mkdf-carousel-item-holder\">\n\t\t<a href=\"#\" target=\"_self\">\n\t\t\t\t\t\t<span class=\"mkdf-carousel-first-image-holder mkdf-has-hover-image mkdf-image-change\">\n\t\t\t\t<img src=\"http:\/\/v2.crea-mania.com\/wp-content\/uploads\/2022\/02\/logo-client-3-gris.png\" alt=\"Client 3\">\n\t\t\t<\/span>\n\t\t\t\t\t\t\t<span class=\"mkdf-carousel-second-image-holder mkdf-has-hover-image mkdf-image-change\">\n\t\t\t\t<img src=\"http:\/\/v2.crea-mania.com\/wp-content\/uploads\/2022\/02\/logo-client-3-magenta.png\" alt=\"Client 3\">\n\t\t\t<\/span>\n\t\t\t\t<\/a>\n\t<\/div><div class=\"mkdf-carousel-item-holder\">\n\t\t<a href=\"#\" target=\"_self\">\n\t\t\t\t\t\t<span class=\"mkdf-carousel-first-image-holder mkdf-has-hover-image mkdf-image-change\">\n\t\t\t\t<img src=\"http:\/\/v2.crea-mania.com\/wp-content\/uploads\/2022\/02\/logo-client-4-gris.png\" alt=\"Client 4\">\n\t\t\t<\/span>\n\t\t\t\t\t\t\t<span class=\"mkdf-carousel-second-image-holder mkdf-has-hover-image mkdf-image-change\">\n\t\t\t\t<img src=\"http:\/\/v2.crea-mania.com\/wp-content\/uploads\/2022\/02\/logo-client-4-magenta.png\" alt=\"Client 4\">\n\t\t\t<\/span>\n\t\t\t\t<\/a>\n\t<\/div><div class=\"mkdf-carousel-item-holder\">\n\t\t<a href=\"#\" target=\"_self\">\n\t\t\t\t\t\t<span class=\"mkdf-carousel-first-image-holder mkdf-has-hover-image mkdf-image-change\">\n\t\t\t\t<img src=\"http:\/\/v2.crea-mania.com\/wp-content\/uploads\/2022\/02\/logo-client-5-gris.png\" alt=\"Client 5\">\n\t\t\t<\/span>\n\t\t\t\t\t\t\t<span class=\"mkdf-carousel-second-image-holder mkdf-has-hover-image mkdf-image-change\">\n\t\t\t\t<img src=\"http:\/\/v2.crea-mania.com\/wp-content\/uploads\/2022\/02\/logo-client-5-magenta.png\" alt=\"Client 5\">\n\t\t\t<\/span>\n\t\t\t\t<\/a>\n\t<\/div><div class=\"mkdf-carousel-item-holder\">\n\t\t<a href=\"#\" target=\"_self\">\n\t\t\t\t\t\t<span class=\"mkdf-carousel-first-image-holder mkdf-has-hover-image mkdf-image-change\">\n\t\t\t\t<img src=\"http:\/\/v2.crea-mania.com\/wp-content\/uploads\/2022\/02\/logo-client-9-gris.png\" alt=\"Client 6\">\n\t\t\t<\/span>\n\t\t\t\t\t\t\t<span class=\"mkdf-carousel-second-image-holder mkdf-has-hover-image mkdf-image-change\">\n\t\t\t\t<img src=\"http:\/\/v2.crea-mania.com\/wp-content\/uploads\/2022\/02\/logo-client-9-magenta.png\" alt=\"Client 6\">\n\t\t\t<\/span>\n\t\t\t\t<\/a>\n\t<\/div><div class=\"mkdf-carousel-item-holder\">\n\t\t<a href=\"#\" target=\"_self\">\n\t\t\t\t\t\t<span class=\"mkdf-carousel-first-image-holder mkdf-has-hover-image mkdf-image-change\">\n\t\t\t\t<img src=\"http:\/\/v2.crea-mania.com\/wp-content\/uploads\/2022\/02\/logo-client-7-gris.png\" alt=\"Client 7\">\n\t\t\t<\/span>\n\t\t\t\t\t\t\t<span class=\"mkdf-carousel-second-image-holder mkdf-has-hover-image mkdf-image-change\">\n\t\t\t\t<img src=\"http:\/\/v2.crea-mania.com\/wp-content\/uploads\/2022\/02\/logo-client-7-magenta.png\" alt=\"Client 7\">\n\t\t\t<\/span>\n\t\t\t\t<\/a>\n\t<\/div><div class=\"mkdf-carousel-item-holder\">\n\t\t<a href=\"#\" target=\"_self\">\n\t\t\t\t\t\t<span class=\"mkdf-carousel-first-image-holder mkdf-has-hover-image mkdf-image-change\">\n\t\t\t\t<img src=\"http:\/\/v2.crea-mania.com\/wp-content\/uploads\/2022\/02\/logo-client-8-gris.png\" alt=\"Client 8\">\n\t\t\t<\/span>\n\t\t\t\t\t\t\t<span class=\"mkdf-carousel-second-image-holder mkdf-has-hover-image mkdf-image-change\">\n\t\t\t\t<img src=\"http:\/\/v2.crea-mania.com\/wp-content\/uploads\/2022\/02\/logo-client-8-magenta.png\" alt=\"Client 8\">\n\t\t\t<\/span>\n\t\t\t\t<\/a>\n\t<\/div><div class=\"mkdf-carousel-item-holder\">\n\t\t<a href=\"#\" target=\"_self\">\n\t\t\t\t\t\t<span class=\"mkdf-carousel-first-image-holder mkdf-has-hover-image mkdf-image-change\">\n\t\t\t\t<img src=\"http:\/\/v2.crea-mania.com\/wp-content\/uploads\/2022\/02\/logo-client-6-gris.png\" alt=\"Client 9\">\n\t\t\t<\/span>\n\t\t\t\t\t\t\t<span class=\"mkdf-carousel-second-image-holder mkdf-has-hover-image mkdf-image-change\">\n\t\t\t\t<img src=\"http:\/\/v2.crea-mania.com\/wp-content\/uploads\/2022\/02\/logo-client-6-magenta.png\" alt=\"Client 9\">\n\t\t\t<\/span>\n\t\t\t\t<\/a>\n\t<\/div><div class=\"mkdf-carousel-item-holder\">\n\t\t<a href=\"#\" target=\"_self\">\n\t\t\t\t\t\t<span class=\"mkdf-carousel-first-image-holder mkdf-has-hover-image mkdf-image-change\">\n\t\t\t\t<img src=\"http:\/\/v2.crea-mania.com\/wp-content\/uploads\/2022\/02\/logo-client-10-gris.png\" alt=\"Client 10\">\n\t\t\t<\/span>\n\t\t\t\t\t\t\t<span class=\"mkdf-carousel-second-image-holder mkdf-has-hover-image mkdf-image-change\">\n\t\t\t\t<img src=\"http:\/\/v2.crea-mania.com\/wp-content\/uploads\/2022\/02\/logo-client-10-magenta.png\" alt=\"Client 10\">\n\t\t\t<\/span>\n\t\t\t\t<\/a>\n\t<\/div><\/div><\/div>[\/vc_column][\/vc_row]<\/p>\n","protected":false},"excerpt":{"rendered":"<p>[vc_row][vc_column][\/vc_column][\/vc_row][vc_row content_width=\u00a0\u00bbgrid\u00a0\u00bb content_aligment=\u00a0\u00bbcenter\u00a0\u00bb css=\u00a0\u00bb.vc_custom_1642590410154{padding-top: 130px !important;padding-bottom: 0px !important;}\u00a0\u00bb][vc_column][vc_column_text] Nos expertises&#8230; vos atouts [\/vc_column_text][\/vc_column][\/vc_row][vc_row content_width=\u00a0\u00bbgrid\u00a0\u00bb content_aligment=\u00a0\u00bbcenter\u00a0\u00bb css=\u00a0\u00bb.vc_custom_1642590440104{padding-top: 130px !important;padding-bottom: 0px !important;}\u00a0\u00bb][vc_column&#8230;<\/p>\n","protected":false},"author":2,"featured_media":0,"parent":0,"menu_order":0,"comment_status":"closed","ping_status":"closed","template":"full-width.php","meta":[],"_links":{"self":[{"href":"https:\/\/v2.crea-mania.com\/index.php?rest_route=\/wp\/v2\/pages\/6364"}],"collection":[{"href":"https:\/\/v2.crea-mania.com\/index.php?rest_route=\/wp\/v2\/pages"}],"about":[{"href":"https:\/\/v2.crea-mania.com\/index.php?rest_route=\/wp\/v2\/types\/page"}],"author":[{"embeddable":true,"href":"https:\/\/v2.crea-mania.com\/index.php?rest_route=\/wp\/v2\/users\/2"}],"replies":[{"embeddable":true,"href":"https:\/\/v2.crea-mania.com\/index.php?rest_route=%2Fwp%2Fv2%2Fcomments&post=6364"}],"version-history":[{"count":61,"href":"https:\/\/v2.crea-mania.com\/index.php?rest_route=\/wp\/v2\/pages\/6364\/revisions"}],"predecessor-version":[{"id":6553,"href":"https:\/\/v2.crea-mania.com\/index.php?rest_route=\/wp\/v2\/pages\/6364\/revisions\/6553"}],"wp:attachment":[{"href":"https:\/\/v2.crea-mania.com\/index.php?rest_route=%2Fwp%2Fv2%2Fmedia&parent=6364"}],"curies":[{"name":"wp","href":"https:\/\/api.w.org\/{rel}","templated":true}]}}